{"id":1350,"date":"2023-11-05T16:53:08","date_gmt":"2023-11-05T16:53:08","guid":{"rendered":"https:\/\/www.hotel-sonneneck-thale.de\/godt-at-vide"},"modified":"2024-07-27T19:33:25","modified_gmt":"2024-07-27T19:33:25","slug":"godt-at-vide","status":"publish","type":"page","link":"https:\/\/www.hotel-sonneneck-thale.de\/da\/godt-at-vide","title":{"rendered":"Godt at vide"},"content":{"rendered":"\t\t<div data-elementor-type=\"wp-page\" data-elementor-id=\"1350\" class=\"elementor elementor-1350 elementor-308\" data-elementor-post-type=\"page\">\n\t\t\t\t\t\t<section class=\"elementor-section elementor-top-section elementor-element elementor-element-2faa553 elementor-section-height-full elementor-section-boxed elementor-section-height-default elementor-section-items-middle elementor-invisible\" data-id=\"2faa553\" data-element_type=\"section\" data-e-type=\"section\" data-settings=\"{&quot;background_background&quot;:&quot;slideshow&quot;,&quot;background_slideshow_gallery&quot;:[{&quot;id&quot;:120,&quot;url&quot;:&quot;https:\\\/\\\/www.hotel-sonneneck-thale.de\\\/wp-content\\\/uploads\\\/2023\\\/11\\\/Hotel-Sonneneck-Thale-Harz-1.webp&quot;},{&quot;id&quot;:118,&quot;url&quot;:&quot;https:\\\/\\\/www.hotel-sonneneck-thale.de\\\/wp-content\\\/uploads\\\/2023\\\/11\\\/Hotel-Sonneneck-Thale-Harz-Zimmer-1.webp&quot;},{&quot;id&quot;:119,&quot;url&quot;:&quot;https:\\\/\\\/www.hotel-sonneneck-thale.de\\\/wp-content\\\/uploads\\\/2023\\\/11\\\/Hotel-Sonneneck-Thale-Harz-Fruestuecksraum-1.webp&quot;}],&quot;background_slideshow_ken_burns&quot;:&quot;yes&quot;,&quot;animation&quot;:&quot;fadeIn&quot;,&quot;background_slideshow_slide_duration&quot;:6000,&quot;background_slideshow_transition_duration&quot;:750,&quot;background_slideshow_loop&quot;:&quot;yes&quot;,&quot;background_slideshow_slide_transition&quot;:&quot;fade&quot;,&quot;background_slideshow_ken_burns_zoom_direction&quot;:&quot;in&quot;}\">\n\t\t\t\t\t\t\t<div class=\"elementor-background-overlay\"><\/div>\n\t\t\t\t\t\t\t<div class=\"elementor-container elementor-column-gap-default\">\n\t\t\t\t\t<div class=\"elementor-column elementor-col-100 elementor-top-column elementor-element elementor-element-9bf5f56\" data-id=\"9bf5f56\" data-element_type=\"column\" data-e-type=\"column\">\n\t\t\t<div class=\"elementor-widget-wrap elementor-element-populated\">\n\t\t\t\t\t\t<div class=\"elementor-element elementor-element-0c5eb5c elementor-invisible elementor-widget elementor-widget-heading\" data-id=\"0c5eb5c\" data-element_type=\"widget\" data-e-type=\"widget\" data-settings=\"{&quot;_animation&quot;:&quot;fadeInUp&quot;}\" data-widget_type=\"heading.default\">\n\t\t\t\t<div class=\"elementor-widget-container\">\n\t\t\t\t\t<h1 class=\"elementor-heading-title elementor-size-default\">Hotel garni \" Haus Sonneneck \" Thale \/ Harzen<\/h1>\t\t\t\t<\/div>\n\t\t\t\t<\/div>\n\t\t\t\t<div class=\"elementor-element elementor-element-c68c26d elementor-invisible elementor-widget elementor-widget-heading\" data-id=\"c68c26d\" data-element_type=\"widget\" data-e-type=\"widget\" data-settings=\"{&quot;_animation&quot;:&quot;fadeInUp&quot;}\" data-widget_type=\"heading.default\">\n\t\t\t\t<div class=\"elementor-widget-container\">\n\t\t\t\t\t<h3 class=\"elementor-heading-title elementor-size-default\">LILLE - FIN - CHARMERENDE<\/h3>\t\t\t\t<\/div>\n\t\t\t\t<\/div>\n\t\t\t\t<div class=\"elementor-element elementor-element-5d3bc85 elementor-align-center elementor-widget__width-inherit elementor-widget-mobile__width-inherit elementor-invisible elementor-widget elementor-widget-button\" data-id=\"5d3bc85\" data-element_type=\"widget\" data-e-type=\"widget\" data-settings=\"{&quot;_animation&quot;:&quot;fadeInUp&quot;,&quot;_animation_delay&quot;:200}\" data-widget_type=\"button.default\">\n\t\t\t\t<div class=\"elementor-widget-container\">\n\t\t\t\t\t\t\t\t\t<div class=\"elementor-button-wrapper\">\n\t\t\t\t\t<a class=\"elementor-button elementor-button-link elementor-size-sm elementor-animation-grow\" href=\"https:\/\/www.hotel-sonneneck-thale.de\/unterkunft\">\n\t\t\t\t\t\t<span class=\"elementor-button-content-wrapper\">\n\t\t\t\t\t\t\t\t\t<span class=\"elementor-button-text\">L\u00e6r mere<\/span>\n\t\t\t\t\t<\/span>\n\t\t\t\t\t<\/a>\n\t\t\t\t<\/div>\n\t\t\t\t\t\t\t\t<\/div>\n\t\t\t\t<\/div>\n\t\t\t\t\t<\/div>\n\t\t<\/div>\n\t\t\t\t\t<\/div>\n\t\t<\/section>\n\t\t<div class=\"elementor-element elementor-element-85eb88e e-flex e-con-boxed e-con e-parent\" data-id=\"85eb88e\" data-element_type=\"container\" data-e-type=\"container\">\n\t\t\t\t\t<div class=\"e-con-inner\">\n\t\t\t\t\t<\/div>\n\t\t\t\t<\/div>\n\t\t<div class=\"elementor-element elementor-element-16144a0 e-flex e-con-boxed e-con e-parent\" data-id=\"16144a0\" data-element_type=\"container\" data-e-type=\"container\">\n\t\t\t\t\t<div class=\"e-con-inner\">\n\t\t\t\t<div class=\"elementor-element elementor-element-9123e62 elementor-widget elementor-widget-heading\" data-id=\"9123e62\" data-element_type=\"widget\" data-e-type=\"widget\" data-widget_type=\"heading.default\">\n\t\t\t\t<div class=\"elementor-widget-container\">\n\t\t\t\t\t<h2 class=\"elementor-heading-title elementor-size-default\">Godt at vide<\/h2>\t\t\t\t<\/div>\n\t\t\t\t<\/div>\n\t\t\t\t<div class=\"elementor-element elementor-element-d1a0a48 elementor-widget elementor-widget-text-editor\" data-id=\"d1a0a48\" data-element_type=\"widget\" data-e-type=\"widget\" data-widget_type=\"text-editor.default\">\n\t\t\t\t<div class=\"elementor-widget-container\">\n\t\t\t\t\t\t\t\t\t<h3>Ankomst og afrejse<\/h3>\n<ul>\n<li data-list-text=\"\uf0b7\">\n<p>Check-in: mellem kl. 14 og 16<\/p>\n<\/li>\n<li data-list-text=\"\uf0b7\">\n<p>Udtjekning: indtil kl. 10.45<\/p>\n<\/li>\n<li data-list-text=\"\uf0b7\">\n<p>Ved ankomst uden for receptionens \u00e5bningstid har vi en n\u00f8gleboks med pinkode klar.<br \/>\nVi beder dig ringe til os i forvejen. <\/p>\n<\/li>\n<\/ul>\n\t\t\t\t\t\t\t\t<\/div>\n\t\t\t\t<\/div>\n\t\t\t\t<div class=\"elementor-element elementor-element-460994b elementor-widget elementor-widget-text-editor\" data-id=\"460994b\" data-element_type=\"widget\" data-e-type=\"widget\" data-widget_type=\"text-editor.default\">\n\t\t\t\t<div class=\"elementor-widget-container\">\n\t\t\t\t\t\t\t\t\t<h3>Barneseng<\/h3>\n<ul>\n<li data-list-text=\"\uf0b7\">\n<p>Engangsbel\u00f8b \u20ac15,00 inkl. sengelinned.<br \/>\nSengelinned er inkluderet.<br \/>\nBestil f\u00f8r ankomst.  <\/p>\n<\/li>\n<\/ul>\n\t\t\t\t\t\t\t\t<\/div>\n\t\t\t\t<\/div>\n\t\t\t\t<div class=\"elementor-element elementor-element-8b8ea27 elementor-widget elementor-widget-text-editor\" data-id=\"8b8ea27\" data-element_type=\"widget\" data-e-type=\"widget\" data-widget_type=\"text-editor.default\">\n\t\t\t\t<div class=\"elementor-widget-container\">\n\t\t\t\t\t\t\t\t\t<h3>Morgenmad<\/h3>\n<ul>\n<li>Varieret, regional buffet<\/li>\n<li>3 morgenmadstider: kl. 7.30, 8.30 og 9.30.<br \/>\nBook venligst dagen f\u00f8r. <\/li>\n<\/ul>\n\t\t\t\t\t\t\t\t<\/div>\n\t\t\t\t<\/div>\n\t\t\t\t<div class=\"elementor-element elementor-element-f2d13c4 elementor-widget elementor-widget-text-editor\" data-id=\"f2d13c4\" data-element_type=\"widget\" data-e-type=\"widget\" data-widget_type=\"text-editor.default\">\n\t\t\t\t<div class=\"elementor-widget-container\">\n\t\t\t\t\t\t\t\t\t<h3>G\u00e6stekort\/opsparing Fox<\/h3>\n<ul>\n<li>Bodetal-Ticket kan k\u00f8bes i receptionen.<br \/>\nMed det kan du nyde mange fordele i regionen og f\u00e5 rabatter som f.eks. 30% rabat p\u00e5 Bodetal Therme og gratis brug af busserne. <\/li>\n<\/ul>\n\t\t\t\t\t\t\t\t<\/div>\n\t\t\t\t<\/div>\n\t\t\t\t<div class=\"elementor-element elementor-element-7d447c4 elementor-widget elementor-widget-text-editor\" data-id=\"7d447c4\" data-element_type=\"widget\" data-e-type=\"widget\" data-widget_type=\"text-editor.default\">\n\t\t\t\t<div class=\"elementor-widget-container\">\n\t\t\t\t\t\t\t\t\t<h3>Drikkevarer<\/h3>\n<ul>\n<li>Der er et stort selvbetjent flaskek\u00f8leskab i foyeren.<br \/>\nDer er en liste p\u00e5 k\u00f8leskabet, som du kan skrive dig p\u00e5.<br \/>\nDu vil blive opkr\u00e6vet kontant p\u00e5 afrejsedagen.<br \/>\nTomme drikkevarer, som du selv har medbragt, skal tages med tilbage, ellers opkr\u00e6ver vi et fast gebyr p\u00e5 \u20ac 5,00.   <\/li>\n<\/ul>\n\t\t\t\t\t\t\t\t<\/div>\n\t\t\t\t<\/div>\n\t\t\t\t<div class=\"elementor-element elementor-element-27faf15 elementor-widget elementor-widget-text-editor\" data-id=\"27faf15\" data-element_type=\"widget\" data-e-type=\"widget\" data-widget_type=\"text-editor.default\">\n\t\t\t\t<div class=\"elementor-widget-container\">\n\t\t\t\t\t\t\t\t\t<h3>K\u00e6ledyr<\/h3>\n<ul>\n<li>Er kun tilladt i vores vinterhavev\u00e6relse efter forudg\u00e5ende telefonisk aftale.<br \/>\nVi opkr\u00e6ver \u20ac5,00 pr. nat\/husdyr. <\/li>\n<\/ul>\n\t\t\t\t\t\t\t\t<\/div>\n\t\t\t\t<\/div>\n\t\t\t\t<div class=\"elementor-element elementor-element-4a9197b elementor-widget elementor-widget-text-editor\" data-id=\"4a9197b\" data-element_type=\"widget\" data-e-type=\"widget\" data-widget_type=\"text-editor.default\">\n\t\t\t\t<div class=\"elementor-widget-container\">\n\t\t\t\t\t\t\t\t\t<h3>Parkeringsplads<\/h3>\n<ul>\n<li data-list-text=\"\uf0b7\">\n<p>Gratis afh\u00e6ngigt af tilg\u00e6ngelighed p\u00e5 hotellet<\/p>\n<\/li>\n<li data-list-text=\"\uf0b7\">\n<p>Derudover gratis i umiddelbar n\u00e6rhed<\/p>\n<\/li>\n<\/ul>\n\t\t\t\t\t\t\t\t<\/div>\n\t\t\t\t<\/div>\n\t\t\t\t<div class=\"elementor-element elementor-element-ecfa060 elementor-widget elementor-widget-text-editor\" data-id=\"ecfa060\" data-element_type=\"widget\" data-e-type=\"widget\" data-widget_type=\"text-editor.default\">\n\t\t\t\t<div class=\"elementor-widget-container\">\n\t\t\t\t\t\t\t\t\t<h3>Forbud mod rygning<\/h3>\n<ul>\n<li data-list-text=\"\uf0b7\">\n<p>Overalt p\u00e5 hotellet.<br \/>\nDer er askeb\u00e6gre p\u00e5 terrassen. <\/p>\n<\/li>\n<\/ul>\n\t\t\t\t\t\t\t\t<\/div>\n\t\t\t\t<\/div>\n\t\t\t\t<div class=\"elementor-element elementor-element-4269f28 elementor-widget elementor-widget-text-editor\" data-id=\"4269f28\" data-element_type=\"widget\" data-e-type=\"widget\" data-widget_type=\"text-editor.default\">\n\t\t\t\t<div class=\"elementor-widget-container\">\n\t\t\t\t\t\t\t\t\t<h3>Receptionens \u00e5bningstider<\/h3>\n<ul>\n<li data-list-text=\"\uf0b7\">\n<p>fra kl. 7.00 til 16.00.<\/p>\n<\/li>\n<\/ul>\n\t\t\t\t\t\t\t\t<\/div>\n\t\t\t\t<\/div>\n\t\t\t\t<div class=\"elementor-element elementor-element-9839338 elementor-widget elementor-widget-text-editor\" data-id=\"9839338\" data-element_type=\"widget\" data-e-type=\"widget\" data-widget_type=\"text-editor.default\">\n\t\t\t\t<div class=\"elementor-widget-container\">\n\t\t\t\t\t\t\t\t\t<h3>Betingelser for afbestilling<\/h3>\n<ul>\n<li>Individuelle bookinger op til 3 dage f\u00f8r ankomst: gratis 3 til 0 dage f\u00f8r ankomst: 90 % af den aftalte ydelse<\/li>\n<li>Gruppereservationer p\u00e5 4 v\u00e6relser eller mere: betingelser som for helligdage.<\/li>\n<li>\n<p>Helligdage op til 14 dage f\u00f8r ankomst: gratis<\/p>\n<p>14 til 0 dage f\u00f8r ankomst: 90% af den aftalte ydelse<\/p>\n<\/li>\n<\/ul>\n\t\t\t\t\t\t\t\t<\/div>\n\t\t\t\t<\/div>\n\t\t\t\t<div class=\"elementor-element elementor-element-919bab0 elementor-widget elementor-widget-text-editor\" data-id=\"919bab0\" data-element_type=\"widget\" data-e-type=\"widget\" data-widget_type=\"text-editor.default\">\n\t\t\t\t<div class=\"elementor-widget-container\">\n\t\t\t\t\t\t\t\t\t<h3>WLAN<\/h3>\n<ul>\n<li data-list-text=\"\uf0b7\">\n<p>Du finder adgangsoplysningerne p\u00e5 hospitality-kortet p\u00e5 dit v\u00e6relse.<\/p>\n<\/li>\n<li data-list-text=\"\uf0b7\">\n<p>gratis<\/p>\n<\/li>\n<\/ul>\n\t\t\t\t\t\t\t\t<\/div>\n\t\t\t\t<\/div>\n\t\t\t\t<div class=\"elementor-element elementor-element-842aba0 elementor-widget elementor-widget-text-editor\" data-id=\"842aba0\" data-element_type=\"widget\" data-e-type=\"widget\" data-widget_type=\"text-editor.default\">\n\t\t\t\t<div class=\"elementor-widget-container\">\n\t\t\t\t\t\t\t\t\t<h3>Betalingsmetoder<\/h3>\n<ul>\n<li>Kontant betaling<\/li>\n<li data-list-text=\"\uf0b7\">\n<p>EC-kort<\/p>\n<\/li>\n<li>Kreditkort VISA\/Mastercard (ingen firmakreditkort)<\/li>\n<\/ul>\n\t\t\t\t\t\t\t\t<\/div>\n\t\t\t\t<\/div>\n\t\t\t\t<div class=\"elementor-element elementor-element-0f98584 elementor-widget elementor-widget-text-editor\" data-id=\"0f98584\" data-element_type=\"widget\" data-e-type=\"widget\" data-widget_type=\"text-editor.default\">\n\t\t\t\t<div class=\"elementor-widget-container\">\n\t\t\t\t\t\t\t\t\t<h3>Reng\u00f8ring af v\u00e6relser<\/h3>\n<ul>\n<li>Af hensyn til milj\u00f8et g\u00e5r vi ikke gennem v\u00e6relserne under dit ophold. Vi kan selvf\u00f8lgelig ogs\u00e5 g\u00f8re rent p\u00e5 dit v\u00e6relse, hvis du \u00f8nsker det. Kontakt os venligst. Hvis du har brug for noget, f.eks. friske h\u00e5ndkl\u00e6der, toiletpapir osv., s\u00e5 sig det til os, helst ved morgenmaden.<\/li>\n<\/ul>\n\t\t\t\t\t\t\t\t<\/div>\n\t\t\t\t<\/div>\n\t\t\t\t\t<\/div>\n\t\t\t\t<\/div>\n\t\t\t\t<\/div>\n\t\t","protected":false},"excerpt":{"rendered":"<p>Hotel garni &#8221; Haus Sonneneck &#8221; Thale \/ Harzen LILLE &#8211; FIN &#8211; CHARMERENDE L\u00e6r mere Godt at vide Ankomst og afrejse Check-in: mellem kl. 14 og 16 Udtjekning: indtil kl. 10.45 Ved ankomst uden for receptionens \u00e5bningstid har vi en n\u00f8gleboks med pinkode klar. Vi beder dig ringe til os i forvejen. Barneseng Engangsbel\u00f8b [&hellip;]<\/p>\n","protected":false},"author":1,"featured_media":0,"parent":0,"menu_order":60,"comment_status":"closed","ping_status":"closed","template":"","meta":{"footnotes":""},"class_list":["post-1350","page","type-page","status-publish","hentry"],"_links":{"self":[{"href":"https:\/\/www.hotel-sonneneck-thale.de\/da\/wp-json\/wp\/v2\/pages\/1350","targetHints":{"allow":["GET"]}}],"collection":[{"href":"https:\/\/www.hotel-sonneneck-thale.de\/da\/wp-json\/wp\/v2\/pages"}],"about":[{"href":"https:\/\/www.hotel-sonneneck-thale.de\/da\/wp-json\/wp\/v2\/types\/page"}],"author":[{"embeddable":true,"href":"https:\/\/www.hotel-sonneneck-thale.de\/da\/wp-json\/wp\/v2\/users\/1"}],"replies":[{"embeddable":true,"href":"https:\/\/www.hotel-sonneneck-thale.de\/da\/wp-json\/wp\/v2\/comments?post=1350"}],"version-history":[{"count":0,"href":"https:\/\/www.hotel-sonneneck-thale.de\/da\/wp-json\/wp\/v2\/pages\/1350\/revisions"}],"wp:attachment":[{"href":"https:\/\/www.hotel-sonneneck-thale.de\/da\/wp-json\/wp\/v2\/media?parent=1350"}],"curies":[{"name":"wp","href":"https:\/\/api.w.org\/{rel}","templated":true}]}}